{"id":1179,"date":"2022-03-01T11:13:10","date_gmt":"2022-03-01T10:13:10","guid":{"rendered":"https:\/\/www.schloeffel.de\/nissan\/?page_id=1179"},"modified":"2024-11-19T04:21:06","modified_gmt":"2024-11-19T03:21:06","slug":"rechtliche-hinweise","status":"publish","type":"page","link":"https:\/\/www.schloeffel.de\/nissan\/rechtliche-hinweise\/","title":{"rendered":"Rechtliche Hinweise"},"content":{"rendered":"<div class=\"fusion-fullwidth fullwidth-box fusion-builder-row-1 fusion-flex-container nonhundred-percent-fullwidth non-hundred-percent-height-scrolling\" style=\"background-color: rgba(255,255,255,0);background-position: center center;background-repeat: no-repeat;border-width: 0px 0px 0px 0px;border-color:#e2e2e2;border-style:solid;\" ><div class=\"fusion-builder-row fusion-row fusion-flex-align-items-flex-start\" style=\"max-width:1664px;margin-left: calc(-4% \/ 2 );margin-right: calc(-4% \/ 2 );\"><div class=\"fusion-layout-column fusion_builder_column fusion-builder-column-0 fusion_builder_column_1_1 1_1 fusion-flex-column\"><div class=\"fusion-column-wrapper fusion-flex-justify-content-flex-start fusion-content-layout-column\" style=\"background-position:left top;background-repeat:no-repeat;-webkit-background-size:cover;-moz-background-size:cover;-o-background-size:cover;background-size:cover;padding: 0px 0px 0px 0px;\"><style type=\"text\/css\">@media only screen and (max-width:1024px) {.fusion-title.fusion-title-1{margin-top:10px!important; margin-right:0px!important;margin-bottom:0px!important;margin-left:0px!important;}}@media only screen and (max-width:640px) {.fusion-title.fusion-title-1{margin-top:10px!important; margin-right:0px!important;margin-bottom:10px!important; margin-left:0px!important;}}<\/style><div class=\"fusion-title title fusion-title-1 fusion-sep-none fusion-title-text fusion-title-size-three\" style=\"margin-top:10px;margin-right:0px;margin-bottom:0px;margin-left:0px;\"><h3 class=\"title-heading-left\" style=\"margin:0;\"><h3><strong>Rechtliche Hinweise<\/strong><\/h3><\/h3><\/div><div class=\"fusion-text fusion-text-1\"><h3><strong>Inhalt des Onlineangebotes<\/strong><\/h3>\n<p>Die Andreas Schl\u00f6ffel GmbH \u00fcbernimmt keinerlei Gew\u00e4hr f\u00fcr die Aktualit\u00e4t, Korrektheit, Vollst\u00e4ndigkeit oder Qualit\u00e4t der bereitgestellten Informationen. Haftungsanspr\u00fcche gegen die Andreas Schl\u00f6ffel GmbH , welche sich auf Sch\u00e4den materieller oder ideeller Art beziehen, die durch die Nutzung oder Nichtnutzung der dargebotenen Informationen bzw. durch die Nutzung fehlerhafter und unvollst\u00e4ndiger Informationen verursacht wurden, sind grunds\u00e4tzlich ausgeschlossen, sofern seitens der Andreas Schl\u00f6ffel GmbH kein nachweislich vors\u00e4tzliches oder grob fahrl\u00e4ssiges Verschulden vorliegt. Alle Angebote sind freibleibend und unverbindlich. Die Andreas Schl\u00f6ffel GmbH beh\u00e4lt es sich ausdr\u00fccklich vor, Teile der Seiten oder das gesamte Angebot ohne gesonderte Ank\u00fcndigung zu ver\u00e4ndern, zu erg\u00e4nzen, zu l\u00f6schen oder die Ver\u00f6ffentlichung zeitweise oder endg\u00fcltig einzustellen.<\/p>\n<h3><strong>Verweise und Links<\/strong><\/h3>\n<p>Bei direkten oder indirekten Verweisen auf fremde Internetseiten (\u201cLinks\u201d), die au\u00dferhalb des Verantwortungsbereiches der Andreas Schl\u00f6ffel GmbH liegen, w\u00fcrde eine Haftungsverpflichtung ausschlie\u00dflich in dem Fall in Kraft treten, in dem die Andreas Schl\u00f6ffel GmbH von den Inhalten Kenntnis hat und es technisch m\u00f6glich und zumutbar w\u00e4re, die Nutzung im Falle rechtswidriger Inhalte zu verhindern. Die Andreas Schl\u00f6ffel GmbH erkl\u00e4rt hiermit ausdr\u00fccklich, dass zum Zeitpunkt der Linksetzung keine illegalen Inhalte auf den zu verlinkenden Seiten erkennbar waren. Auf die aktuelle und zuk\u00fcnftige Gestaltung, die Inhalte oder die Urheberschaft der gelinkten\/verkn\u00fcpften Seiten hat die Andreas Schl\u00f6ffel GmbH keinerlei Einfluss. Deshalb distanziert sich die Andreas Schl\u00f6ffel GmbH hiermit ausdr\u00fccklich von allen Inhalten aller gelinkten \/verkn\u00fcpften Seiten, die nach der Linksetzung ver\u00e4ndert wurden. Diese Feststellung gilt f\u00fcr alle innerhalb des eigenen Internetangebotes gesetzten Links und Verweise sowie f\u00fcr Fremdeintr\u00e4ge in von der Andreas Schl\u00f6ffel GmbH eingerichteten G\u00e4steb\u00fcchern, Diskussionsforen und Mailinglisten. F\u00fcr illegale, fehlerhafte oder unvollst\u00e4ndige Inhalte und insbesondere f\u00fcr Sch\u00e4den, die aus der Nutzung oder Nichtnutzung solcherart dargebotener Informationen entstehen, haftet allein der Anbieter der Seite, auf welche verwiesen wurde, nicht derjenige, der \u00fcber Links auf die jeweilige Ver\u00f6ffentlichung lediglich verweist.<\/p>\n<h3><strong>Hinweise zur Verbraucherstreitbeilegung<\/strong><\/h3>\n<p>Verbraucherinformation gem\u00e4\u00df Verordnung (EU) Nr. 524\/2013: Zur au\u00dfergerichtlichen Streitbeilegung von verbraucherrechtlichen Streitigkeiten hat die europ\u00e4ische Kommission eine Plattform zur Online-Streitbeilegung (OS) eingerichtet. Die Plattform finden Sie unter:<\/p>\n<p><a href=\"https:\/\/ec.europa.eu\/consumers\/odr\/main\/index.cfm?event=main.home.chooseLanguage\" target=\"_blank\" rel=\"noopener\">https:\/\/ec.europa.eu\/consumers\/odr\/main\/index.cfm?event=main.home.chooseLanguage<\/a><\/p>\n<p>Wir sind weder verpflichtet noch bereit, an einer au\u00dfergerichtlichen Streitbeilegung vor einer Verbraucherschlichtungsstelle teilzunehmen. Eine Liste der verschiedenen Verbraucherschlichtungsstellen und damit die f\u00fcr Sie zust\u00e4ndige Stelle, k\u00f6nnen Sie auf den Seiten des Bundesjustizministeriums einsehen.<\/p>\n<p><a href=\"https:\/\/www.bundesjustizamt.de\/DE\/Themen\/Verbraucherrechte\/Verbraucherstreitbeilegung\/ListeVerbraucherschlichtungsstellen\/ListeVerbraucherschlichtungsstellen_node.html\" target=\"_blank\" rel=\"noopener\">https:\/\/www.bundesjustizamt.de\/DE\/Themen\/Verbraucherrechte\/Verbraucherstreitbeilegung\/ListeVerbraucherschlichtungsstellen\/ListeVerbraucherschlichtungsstellen_node.html <\/a>(Stand 28.07.2022)<\/p>\n<h3><strong>Leitfaden zu Kraftstoffverbrauch und CO2-Emission<\/strong><\/h3>\n<p>Weitere Informationen zum offiziellen Kraftstoffverbrauch, den offiziellen spezifischen CO2-Emissionen und dem Stromverbrauch neuer Personenkraftwagen k\u00f6nnen dem \u201eLeitfaden \u00fcber den Kraftstoffverbrauch, die CO2-Emissionen und den Stromverbrauch neuer Personenkraftwagen\u201c entnommen werden. Dieser ist unentgeltlich an allen Verkaufsstellen, bei der Deutschen Automobil Treuhand GmbH (DAT), Hellmuth-Hirth-Stra\u00dfe 1, 73760 Ostfildern-Scharnhausen und unter <a href=\"https:\/\/www.dat.de\/co2\/\" target=\"_blank\" rel=\"noopener\">https:\/\/www.dat.de\/co2\/\u00a0<\/a>erh\u00e4ltlich.<\/p>\n<h3><strong>Urheber und Kennzeichenrecht<\/strong><\/h3>\n<p>Die Andreas Schl\u00f6ffel GmbH ist bestrebt, in allen Publikationen die Urheberrechte der verwendeten Grafiken, Tondokumente, Videosequenzen und Texte zu beachten, selbst erstellte Grafiken, Tondokumente, Videosequenzen und Texte zu nutzen oder auf lizenzfreie Grafiken, Tondokumente, Videosequenzen und Texte zur\u00fcckzugreifen. Alle innerhalb des Internetangebotes genannten und ggf. durch Dritte gesch\u00fctzten Marken- und Warenzeichen unterliegen uneingeschr\u00e4nkt den Bestimmungen des jeweils g\u00fcltigen Kennzeichenrechts und den Besitzrechten der jeweiligen eingetragenen Eigent\u00fcmer. Allein aufgrund der blo\u00dfen Nennung ist nicht der Schlu\u00df zu ziehen, dass Markenzeichen nicht durch Rechte Dritter gesch\u00fctzt sind! Das Copyright f\u00fcr ver\u00f6ffentlichte, von der Andreas Schl\u00f6ffel GmbH selbst erstellte Objekte bleibt allein bei dem Autor der Seiten. Eine Vervielf\u00e4ltigung oder Verwendung solcher Grafiken, Tondokumente, Videosequenzen und Texte in anderen elektronischen oder gedruckten Publikationen ist ohne ausdr\u00fcckliche Zustimmung der Andreas Schl\u00f6ffel GmbH nicht gestattet.<\/p>\n<\/div><style type=\"text\/css\">@media only screen and (max-width:1024px) {.fusion-title.fusion-title-2{margin-top:10px!important; margin-right:0px!important;margin-bottom:0px!important;margin-left:0px!important;}}@media only screen and (max-width:640px) {.fusion-title.fusion-title-2{margin-top:10px!important; margin-right:0px!important;margin-bottom:10px!important; margin-left:0px!important;}}<\/style><div class=\"fusion-title title fusion-title-2 fusion-sep-none fusion-title-text fusion-title-size-three\" style=\"margin-top:10px;margin-right:0px;margin-bottom:0px;margin-left:0px;\"><h3 class=\"title-heading-left\" style=\"margin:0;\"><h3><strong>Bilder Urhebernachweise \/ Lizenzen: <\/strong><\/h3><\/h3><\/div><\/div><style type=\"text\/css\">.fusion-body .fusion-builder-column-0{width:100% !important;margin-top : 0px;margin-bottom : 20px;}.fusion-builder-column-0 > .fusion-column-wrapper {padding-top : 0px !important;padding-right : 0px !important;margin-right : 1.92%;padding-bottom : 0px !important;padding-left : 0px !important;margin-left : 1.92%;}@media only screen and (max-width:1024px) {.fusion-body .fusion-builder-column-0{width:100% !important;order : 0;}.fusion-builder-column-0 > .fusion-column-wrapper {margin-right : 1.92%;margin-left : 1.92%;}}@media only screen and (max-width:640px) {.fusion-body .fusion-builder-column-0{width:100% !important;order : 0;}.fusion-builder-column-0 > .fusion-column-wrapper {margin-right : 1.92%;margin-left : 1.92%;}}<\/style><\/div><div class=\"fusion-layout-column fusion_builder_column fusion-builder-column-1 fusion_builder_column_1_3 1_3 fusion-flex-column\"><div class=\"fusion-column-wrapper fusion-flex-justify-content-flex-start fusion-content-layout-column\" style=\"background-position:left top;background-repeat:no-repeat;-webkit-background-size:cover;-moz-background-size:cover;-o-background-size:cover;background-size:cover;padding: 0px 0px 0px 0px;\"><div class=\"fusion-text fusion-text-2\"><p>Dellendr\u00fccker<br \/>\nGutachter<br \/>\nUnfallschaden<br \/>\nAufbereitung<br \/>\nKlimaservice<br \/>\nAktionskalender<br \/>\nServicetermin<br \/>\nErsatzteile \/ Zubeh\u00f6r<br \/>\nDownload Sepa<br \/>\nAGBs<br \/>\nTypklassenverzeichnis<br \/>\nAntriebsvergleichsrechner<br \/>\nDiesel-Benzin-Rechner<br \/>\nSpritverbrauchsrechner<br \/>\nService &amp; Garantie<br \/>\nZeitumstellung<br \/>\nUrteile<br \/>\n\u00c4nderungen<br \/>\nUnfallhotline<br \/>\nInformation<br \/>\nHU-Plakette<br \/>\nZulassungsvollmacht<br \/>\nNeujahrsw\u00fcnsche<br \/>\nScheibenwischer<br \/>\nTag des Autos<br \/>\nFahrverbot-Stadt-Stau<br \/>\nReifenwechsel Fr\u00fchling<br \/>\nReifenwechsel Winter<br \/>\nLicht- und Batterietest<br \/>\nFelgen und Smart-Repair<br \/>\nFr\u00fchjahr Wiese mit Auto aus L\u00f6wenzahn<br \/>\nBatterietest<br \/>\nMechaniker unter Auto<br \/>\nReifenwechsel Winter<br \/>\nModellauto mit Geschenken<\/p>\n<\/div><\/div><style type=\"text\/css\">.fusion-body .fusion-builder-column-1{width:33.333333333333% !important;margin-top : 0px;margin-bottom : 20px;}.fusion-builder-column-1 > .fusion-column-wrapper {padding-top : 0px !important;padding-right : 0px !important;margin-right : 5.76%;padding-bottom : 0px !important;padding-left : 0px !important;margin-left : 5.76%;}@media only screen and (max-width:1024px) {.fusion-body .fusion-builder-column-1{width:100% !important;order : 0;}.fusion-builder-column-1 > .fusion-column-wrapper {margin-right : 1.92%;margin-left : 1.92%;}}@media only screen and (max-width:640px) {.fusion-body .fusion-builder-column-1{width:100% !important;order : 0;}.fusion-builder-column-1 > .fusion-column-wrapper {margin-right : 1.92%;margin-left : 1.92%;}}<\/style><\/div><div class=\"fusion-layout-column fusion_builder_column fusion-builder-column-2 fusion_builder_column_1_3 1_3 fusion-flex-column\"><div class=\"fusion-column-wrapper fusion-flex-justify-content-flex-start fusion-content-layout-column\" style=\"background-position:left top;background-repeat:no-repeat;-webkit-background-size:cover;-moz-background-size:cover;-o-background-size:cover;background-size:cover;padding: 0px 0px 0px 0px;\"><div class=\"fusion-text fusion-text-3\"><p>\u00a9Daria Yakovleva \u2013 i-Stock<br \/>\n\u00a9sefa ozel \u2013 i-Stock<br \/>\n\u00a9tommaso79 \u2013 i-Stock<br \/>\n\u00a9Image Source \u2013 i-Stock<br \/>\n\u00a9Leschenko \u2013 i-Stock<br \/>\n\u00a9peterschreiber \u2013 i-Stock<br \/>\n\u00a9pakorn sungkapukdee- i-Stock<br \/>\n\u00a9yuriRumovsky \u2013 i-Stock<br \/>\n\u00a9Ralleff \u2013 i-Stock<br \/>\n\u00a9fotogestoeber \u2013 i-Stock<br \/>\n\u00a9ElisaRiva &#8211; pixabay<br \/>\n\u00a9Oliver Le Moal \u2013 i-Stock<br \/>\n\u00a9David Roumanet &#8211; pixabay<br \/>\n\u00a9ADragan \u2013 i-Stock<br \/>\n\u00a9aykut karahan &#8211; i-Stock<br \/>\n\u00a9BellaH &#8211; pixabay<br \/>\n\u00a9kalhh &#8211; pixabay<br \/>\n\u00a9Gerd Altmann &#8211; pixabay<br \/>\n\u00a9tommaso79 &#8211; i-Stock<br \/>\n\u00a9Gerd Altmann &#8211; pixabay<br \/>\n\u00a9deepblue4you &#8211; i-Stock<br \/>\n\u00a9Stadtratte &#8211; iStock<br \/>\n\u00a9Alexandr-Podralny &#8211; pixabay<br \/>\n\u00a9Cirano83 \u2013 i-Stock<br \/>\n\u00a9Ben Cote &#8211; pixabay<br \/>\n\u00a9995645 \u2013 pixabay<br \/>\n\u00a9FotografieLink \u2013 i-Stock<br \/>\n\u00a9Marcus Millo \u2013 i<span class=\"outlook-search-highlight\" data-markjs=\"true\">&#8211;<\/span>Stock<br \/>\n\u00a9ollo \u2013 i<span class=\"outlook-search-highlight\" data-markjs=\"true\">&#8211;<\/span>Stock<br \/>\n\u00a9Man_with_no_Name &#8211; i-stock<br \/>\n\u00a9 SerrNovik &#8211; i-stock<br \/>\n\u00a9kontrast-fotodesign<br \/>\n\u00a9monkeybusinessimages &#8211; iStock<br \/>\n\u00a9 Sabine Kroschel<br \/>\n\u00a9 NiseriN-i-Stock<\/p>\n<\/div><\/div><style type=\"text\/css\">.fusion-body .fusion-builder-column-2{width:33.333333333333% !important;margin-top : 0px;margin-bottom : 20px;}.fusion-builder-column-2 > .fusion-column-wrapper {padding-top : 0px !important;padding-right : 0px !important;margin-right : 5.76%;padding-bottom : 0px !important;padding-left : 0px !important;margin-left : 5.76%;}@media only screen and (max-width:1024px) {.fusion-body .fusion-builder-column-2{width:100% !important;order : 0;}.fusion-builder-column-2 > .fusion-column-wrapper {margin-right : 1.92%;margin-left : 1.92%;}}@media only screen and (max-width:640px) {.fusion-body .fusion-builder-column-2{width:100% !important;order : 0;}.fusion-builder-column-2 > .fusion-column-wrapper {margin-right : 1.92%;margin-left : 1.92%;}}<\/style><\/div><\/div><style type=\"text\/css\">.fusion-body .fusion-flex-container.fusion-builder-row-1{ padding-top : 0px;margin-top : 0px;padding-right : 0px;padding-bottom : 0px;margin-bottom : 0px;padding-left : 0px;}<\/style><\/div>\n","protected":false},"excerpt":{"rendered":"","protected":false},"author":1,"featured_media":0,"parent":0,"menu_order":0,"comment_status":"closed","ping_status":"closed","template":"","meta":{"footnotes":""},"class_list":["post-1179","page","type-page","status-publish","hentry"],"_links":{"self":[{"href":"https:\/\/www.schloeffel.de\/nissan\/wp-json\/wp\/v2\/pages\/1179","targetHints":{"allow":["GET"]}}],"collection":[{"href":"https:\/\/www.schloeffel.de\/nissan\/wp-json\/wp\/v2\/pages"}],"about":[{"href":"https:\/\/www.schloeffel.de\/nissan\/wp-json\/wp\/v2\/types\/page"}],"author":[{"embeddable":true,"href":"https:\/\/www.schloeffel.de\/nissan\/wp-json\/wp\/v2\/users\/1"}],"replies":[{"embeddable":true,"href":"https:\/\/www.schloeffel.de\/nissan\/wp-json\/wp\/v2\/comments?post=1179"}],"version-history":[{"count":31,"href":"https:\/\/www.schloeffel.de\/nissan\/wp-json\/wp\/v2\/pages\/1179\/revisions"}],"predecessor-version":[{"id":2467,"href":"https:\/\/www.schloeffel.de\/nissan\/wp-json\/wp\/v2\/pages\/1179\/revisions\/2467"}],"wp:attachment":[{"href":"https:\/\/www.schloeffel.de\/nissan\/wp-json\/wp\/v2\/media?parent=1179"}],"curies":[{"name":"wp","href":"https:\/\/api.w.org\/{rel}","templated":true}]}}